{"id":941,"date":"2022-07-23T21:43:11","date_gmt":"2022-07-24T02:43:11","guid":{"rendered":"https:\/\/postesmarcosytapasdecolombia.com\/?page_id=941"},"modified":"2022-10-05T15:15:36","modified_gmt":"2022-10-05T20:15:36","slug":"postes-solares-2","status":"publish","type":"page","link":"https:\/\/postesmarcosytapasdecolombia.com\/index.php\/postes-solares-2\/","title":{"rendered":"Postes Solares"},"content":{"rendered":"\t\t<div data-elementor-type=\"wp-page\" data-elementor-id=\"941\" class=\"elementor elementor-941\">\n\t\t\t\t\t\t\t\t\t<section class=\"elementor-section elementor-top-section elementor-element elementor-element-9349dcb elementor-section-boxed elementor-section-height-default elementor-section-height-default\" data-id=\"9349dcb\" data-element_type=\"section\">\n\t\t\t\t\t\t<div class=\"elementor-container elementor-column-gap-default\">\n\t\t\t\t\t<div class=\"elementor-column elementor-col-100 elementor-top-column elementor-element elementor-element-89bf5ec\" data-id=\"89bf5ec\" data-element_type=\"column\">\n\t\t\t<div class=\"elementor-widget-wrap elementor-element-populated\">\n\t\t\t\t\t\t\t\t<div class=\"elementor-element elementor-element-570f96e elementor-widget elementor-widget-heading\" data-id=\"570f96e\" data-element_type=\"widget\" data-widget_type=\"heading.default\">\n\t\t\t\t<div class=\"elementor-widget-container\">\n\t\t\t<style>\/*! elementor - v3.7.8 - 02-10-2022 *\/\n.elementor-heading-title{padding:0;margin:0;line-height:1}.elementor-widget-heading .elementor-heading-title[class*=elementor-size-]>a{color:inherit;font-size:inherit;line-height:inherit}.elementor-widget-heading .elementor-heading-title.elementor-size-small{font-size:15px}.elementor-widget-heading .elementor-heading-title.elementor-size-medium{font-size:19px}.elementor-widget-heading .elementor-heading-title.elementor-size-large{font-size:29px}.elementor-widget-heading .elementor-heading-title.elementor-size-xl{font-size:39px}.elementor-widget-heading .elementor-heading-title.elementor-size-xxl{font-size:59px}<\/style><h3 class=\"elementor-heading-title elementor-size-default\">Postes Solares<\/h3>\t\t<\/div>\n\t\t\t\t<\/div>\n\t\t\t\t\t<\/div>\n\t\t<\/div>\n\t\t\t\t\t\t\t<\/div>\n\t\t<\/section>\n\t\t\t\t<section class=\"elementor-section elementor-top-section elementor-element elementor-element-71f6658 elementor-section-boxed elementor-section-height-default elementor-section-height-default\" data-id=\"71f6658\" data-element_type=\"section\">\n\t\t\t\t\t\t<div class=\"elementor-container elementor-column-gap-default\">\n\t\t\t\t\t<div class=\"elementor-column elementor-col-100 elementor-top-column elementor-element elementor-element-2c78bf7\" data-id=\"2c78bf7\" data-element_type=\"column\">\n\t\t\t<div class=\"elementor-widget-wrap elementor-element-populated\">\n\t\t\t\t\t\t\t\t<div class=\"elementor-element elementor-element-354e4ea elementor-arrows-position-inside elementor-pagination-position-outside elementor-widget elementor-widget-image-carousel\" data-id=\"354e4ea\" data-element_type=\"widget\" data-settings=\"{&quot;slides_to_show&quot;:&quot;1&quot;,&quot;autoplay_speed&quot;:3000,&quot;navigation&quot;:&quot;both&quot;,&quot;autoplay&quot;:&quot;yes&quot;,&quot;pause_on_hover&quot;:&quot;yes&quot;,&quot;pause_on_interaction&quot;:&quot;yes&quot;,&quot;infinite&quot;:&quot;yes&quot;,&quot;effect&quot;:&quot;slide&quot;,&quot;speed&quot;:500}\" data-widget_type=\"image-carousel.default\">\n\t\t\t\t<div class=\"elementor-widget-container\">\n\t\t\t<style>\/*! elementor - v3.7.8 - 02-10-2022 *\/\n.elementor-widget-image-carousel .swiper-container{position:static}.elementor-widget-image-carousel .swiper-container .swiper-slide figure{line-height:inherit}.elementor-widget-image-carousel .swiper-slide{text-align:center}.elementor-image-carousel-wrapper:not(.swiper-container-initialized) .swiper-slide{max-width:calc(100% \/ var(--e-image-carousel-slides-to-show, 3))}<\/style>\t\t<div class=\"elementor-image-carousel-wrapper swiper-container\" dir=\"ltr\">\n\t\t\t<div class=\"elementor-image-carousel swiper-wrapper\">\n\t\t\t\t\t\t\t\t<div class=\"swiper-slide\"><figure class=\"swiper-slide-inner\"><img decoding=\"async\" class=\"swiper-slide-image\" src=\"https:\/\/postesmarcosytapasdecolombia.com\/wp-content\/uploads\/2022\/08\/PMTC-postes-solares-2.jpg\" alt=\"PMTC postes solares 2\" \/><figcaption class=\"elementor-image-carousel-caption\">PMTC postes solares <\/figcaption><\/figure><\/div><div class=\"swiper-slide\"><figure class=\"swiper-slide-inner\"><img decoding=\"async\" class=\"swiper-slide-image\" src=\"https:\/\/postesmarcosytapasdecolombia.com\/wp-content\/uploads\/2022\/08\/PMTC-postes-solares-1.jpg\" alt=\"PMTC postes solares 1\" \/><figcaption class=\"elementor-image-carousel-caption\">PMTC postes solares <\/figcaption><\/figure><\/div><div class=\"swiper-slide\"><figure class=\"swiper-slide-inner\"><img decoding=\"async\" class=\"swiper-slide-image\" src=\"https:\/\/postesmarcosytapasdecolombia.com\/wp-content\/uploads\/2022\/08\/PMTC-postes-solares-3.jpg\" alt=\"PMTC postes solares 3\" \/><figcaption class=\"elementor-image-carousel-caption\">PMTC postes solares <\/figcaption><\/figure><\/div><div class=\"swiper-slide\"><figure class=\"swiper-slide-inner\"><img decoding=\"async\" class=\"swiper-slide-image\" src=\"https:\/\/postesmarcosytapasdecolombia.com\/wp-content\/uploads\/2022\/08\/PMTC-postes-solares-5.jpg\" alt=\"PMTC postes solares 5\" \/><figcaption class=\"elementor-image-carousel-caption\">PMTC postes solares <\/figcaption><\/figure><\/div><div class=\"swiper-slide\"><figure class=\"swiper-slide-inner\"><img decoding=\"async\" class=\"swiper-slide-image\" src=\"https:\/\/postesmarcosytapasdecolombia.com\/wp-content\/uploads\/2022\/08\/PMTC-postes-solares-4.jpg\" alt=\"PMTC postes solares 4\" \/><figcaption class=\"elementor-image-carousel-caption\">PMTC postes solares <\/figcaption><\/figure><\/div>\t\t\t<\/div>\n\t\t\t\t\t\t\t\t\t\t\t\t<div class=\"swiper-pagination\"><\/div>\n\t\t\t\t\t\t\t\t\t\t\t\t\t<div class=\"elementor-swiper-button elementor-swiper-button-prev\">\n\t\t\t\t\t\t<i aria-hidden=\"true\" class=\"eicon-chevron-left\"><\/i>\t\t\t\t\t\t<span class=\"elementor-screen-only\">Anterior<\/span>\n\t\t\t\t\t<\/div>\n\t\t\t\t\t<div class=\"elementor-swiper-button elementor-swiper-button-next\">\n\t\t\t\t\t\t<i aria-hidden=\"true\" class=\"eicon-chevron-right\"><\/i>\t\t\t\t\t\t<span class=\"elementor-screen-only\">Siguiente<\/span>\n\t\t\t\t\t<\/div>\n\t\t\t\t\t\t\t\t\t<\/div>\n\t\t\t\t<\/div>\n\t\t\t\t<\/div>\n\t\t\t\t\t<\/div>\n\t\t<\/div>\n\t\t\t\t\t\t\t<\/div>\n\t\t<\/section>\n\t\t\t\t\t\t\t<\/div>\n\t\t","protected":false},"excerpt":{"rendered":"<p>Postes Solares PMTC postes solares PMTC postes solares PMTC postes solares PMTC postes solares PMTC postes solares Anterior Siguiente<\/p>\n","protected":false},"author":1,"featured_media":0,"parent":0,"menu_order":0,"comment_status":"closed","ping_status":"closed","template":"","meta":{"om_disable_all_campaigns":false,"_monsterinsights_skip_tracking":false,"_monsterinsights_sitenote_active":false,"_monsterinsights_sitenote_note":"","_monsterinsights_sitenote_category":0,"site-sidebar-layout":"no-sidebar","site-content-layout":"page-builder","ast-site-content-layout":"","site-content-style":"default","site-sidebar-style":"default","ast-global-header-display":"","ast-banner-title-visibility":"","ast-main-header-display":"","ast-hfb-above-header-display":"","ast-hfb-below-header-display":"","ast-hfb-mobile-header-display":"","site-post-title":"disabled","ast-breadcrumbs-content":"","ast-featured-img":"disabled","footer-sml-layout":"","theme-transparent-header-meta":"","adv-header-id-meta":"","stick-header-meta":"","header-above-stick-meta":"","header-main-stick-meta":"","header-below-stick-meta":"","astra-migrate-meta-layouts":"default","ast-page-background-enabled":"default","ast-page-background-meta":{"desktop":{"background-color":"","background-image":"","background-repeat":"repeat","background-position":"center center","background-size":"auto","background-attachment":"scroll","background-type":"","background-media":"","overlay-type":"","overlay-color":"","overlay-opacity":"","overlay-gradient":""},"tablet":{"background-color":"","background-image":"","background-repeat":"repeat","background-position":"center center","background-size":"auto","background-attachment":"scroll","background-type":"","background-media":"","overlay-type":"","overlay-color":"","overlay-opacity":"","overlay-gradient":""},"mobile":{"background-color":"","background-image":"","background-repeat":"repeat","background-position":"center center","background-size":"auto","background-attachment":"scroll","background-type":"","background-media":"","overlay-type":"","overlay-color":"","overlay-opacity":"","overlay-gradient":""}},"ast-content-background-meta":{"desktop":{"background-color":"var(--ast-global-color-5)","background-image":"","background-repeat":"repeat","background-position":"center center","background-size":"auto","background-attachment":"scroll","background-type":"","background-media":"","overlay-type":"","overlay-color":"","overlay-opacity":"","overlay-gradient":""},"tablet":{"background-color":"var(--ast-global-color-5)","background-image":"","background-repeat":"repeat","background-position":"center center","background-size":"auto","background-attachment":"scroll","background-type":"","background-media":"","overlay-type":"","overlay-color":"","overlay-opacity":"","overlay-gradient":""},"mobile":{"background-color":"var(--ast-global-color-5)","background-image":"","background-repeat":"repeat","background-position":"center center","background-size":"auto","background-attachment":"scroll","background-type":"","background-media":"","overlay-type":"","overlay-color":"","overlay-opacity":"","overlay-gradient":""}},"_joinchat":[],"footnotes":""},"class_list":["post-941","page","type-page","status-publish","hentry"],"yoast_head":"<!-- This site is optimized with the Yoast SEO plugin v27.4 - https:\/\/yoast.com\/product\/yoast-seo-wordpress\/ -->\n<title>Postes Solares | postesmarcosytapasdecolombia<\/title>\n<meta name=\"description\" content=\"Postes Marcos y Tapas de Colombia, cuenta con diferentes dise\u00f1os de postes solares tipo alumbrado publico con el prop\u00f3sito de poder atender toda clase de proyectos de iluminaci\u00f3n industrial.\" \/>\n<meta name=\"robots\" content=\"index, follow, max-snippet:-1, max-image-preview:large, max-video-preview:-1\" \/>\n<link rel=\"canonical\" href=\"https:\/\/postesmarcosytapasdecolombia.com\/index.php\/postes-solares-2\/\" \/>\n<meta property=\"og:locale\" content=\"es_ES\" \/>\n<meta property=\"og:type\" content=\"article\" \/>\n<meta property=\"og:title\" content=\"Postes Solares | postesmarcosytapasdecolombia\" \/>\n<meta property=\"og:description\" content=\"Postes Marcos y Tapas de Colombia, cuenta con diferentes dise\u00f1os de postes solares tipo alumbrado publico con el prop\u00f3sito de poder atender toda clase de proyectos de iluminaci\u00f3n industrial.\" \/>\n<meta property=\"og:url\" content=\"https:\/\/postesmarcosytapasdecolombia.com\/index.php\/postes-solares-2\/\" \/>\n<meta property=\"og:site_name\" content=\"postesmarcosytapasdecolombia\" \/>\n<meta property=\"article:publisher\" content=\"https:\/\/www.facebook.com\/profile.php?id=100083066385825\" \/>\n<meta property=\"article:modified_time\" content=\"2022-10-05T20:15:36+00:00\" \/>\n<meta property=\"og:image\" content=\"https:\/\/postesmarcosytapasdecolombia.com\/wp-content\/uploads\/2022\/08\/PMTC-postes-solares-2.jpg\" \/>\n<meta name=\"twitter:card\" content=\"summary_large_image\" \/>\n<meta name=\"twitter:label1\" content=\"Tiempo de lectura\" \/>\n\t<meta name=\"twitter:data1\" content=\"2 minutos\" \/>\n<script type=\"application\/ld+json\" class=\"yoast-schema-graph\">{\"@context\":\"https:\\\/\\\/schema.org\",\"@graph\":[{\"@type\":\"WebPage\",\"@id\":\"https:\\\/\\\/postesmarcosytapasdecolombia.com\\\/index.php\\\/postes-solares-2\\\/\",\"url\":\"https:\\\/\\\/postesmarcosytapasdecolombia.com\\\/index.php\\\/postes-solares-2\\\/\",\"name\":\"Postes Solares | postesmarcosytapasdecolombia\",\"isPartOf\":{\"@id\":\"https:\\\/\\\/postesmarcosytapasdecolombia.com\\\/#website\"},\"primaryImageOfPage\":{\"@id\":\"https:\\\/\\\/postesmarcosytapasdecolombia.com\\\/index.php\\\/postes-solares-2\\\/#primaryimage\"},\"image\":{\"@id\":\"https:\\\/\\\/postesmarcosytapasdecolombia.com\\\/index.php\\\/postes-solares-2\\\/#primaryimage\"},\"thumbnailUrl\":\"https:\\\/\\\/postesmarcosytapasdecolombia.com\\\/wp-content\\\/uploads\\\/2022\\\/08\\\/PMTC-postes-solares-2.jpg\",\"datePublished\":\"2022-07-24T02:43:11+00:00\",\"dateModified\":\"2022-10-05T20:15:36+00:00\",\"description\":\"Postes Marcos y Tapas de Colombia, cuenta con diferentes dise\u00f1os de postes solares tipo alumbrado publico con el prop\u00f3sito de poder atender toda clase de proyectos de iluminaci\u00f3n industrial.\",\"breadcrumb\":{\"@id\":\"https:\\\/\\\/postesmarcosytapasdecolombia.com\\\/index.php\\\/postes-solares-2\\\/#breadcrumb\"},\"inLanguage\":\"es\",\"potentialAction\":[{\"@type\":\"ReadAction\",\"target\":[\"https:\\\/\\\/postesmarcosytapasdecolombia.com\\\/index.php\\\/postes-solares-2\\\/\"]}]},{\"@type\":\"ImageObject\",\"inLanguage\":\"es\",\"@id\":\"https:\\\/\\\/postesmarcosytapasdecolombia.com\\\/index.php\\\/postes-solares-2\\\/#primaryimage\",\"url\":\"https:\\\/\\\/postesmarcosytapasdecolombia.com\\\/wp-content\\\/uploads\\\/2022\\\/08\\\/PMTC-postes-solares-2.jpg\",\"contentUrl\":\"https:\\\/\\\/postesmarcosytapasdecolombia.com\\\/wp-content\\\/uploads\\\/2022\\\/08\\\/PMTC-postes-solares-2.jpg\",\"width\":1280,\"height\":720,\"caption\":\"PMTC postes solares 2\"},{\"@type\":\"BreadcrumbList\",\"@id\":\"https:\\\/\\\/postesmarcosytapasdecolombia.com\\\/index.php\\\/postes-solares-2\\\/#breadcrumb\",\"itemListElement\":[{\"@type\":\"ListItem\",\"position\":1,\"name\":\"Portada\",\"item\":\"https:\\\/\\\/postesmarcosytapasdecolombia.com\\\/\"},{\"@type\":\"ListItem\",\"position\":2,\"name\":\"Postes Solares\"}]},{\"@type\":\"WebSite\",\"@id\":\"https:\\\/\\\/postesmarcosytapasdecolombia.com\\\/#website\",\"url\":\"https:\\\/\\\/postesmarcosytapasdecolombia.com\\\/\",\"name\":\"postesmarcosytapasdecolombia\",\"description\":\"Los mejores postes marcos y tapas de Colombia\",\"publisher\":{\"@id\":\"https:\\\/\\\/postesmarcosytapasdecolombia.com\\\/#organization\"},\"potentialAction\":[{\"@type\":\"SearchAction\",\"target\":{\"@type\":\"EntryPoint\",\"urlTemplate\":\"https:\\\/\\\/postesmarcosytapasdecolombia.com\\\/?s={search_term_string}\"},\"query-input\":{\"@type\":\"PropertyValueSpecification\",\"valueRequired\":true,\"valueName\":\"search_term_string\"}}],\"inLanguage\":\"es\"},{\"@type\":\"Organization\",\"@id\":\"https:\\\/\\\/postesmarcosytapasdecolombia.com\\\/#organization\",\"name\":\"Postes Marcos y Tapas de Colombia\",\"url\":\"https:\\\/\\\/postesmarcosytapasdecolombia.com\\\/\",\"logo\":{\"@type\":\"ImageObject\",\"inLanguage\":\"es\",\"@id\":\"https:\\\/\\\/postesmarcosytapasdecolombia.com\\\/#\\\/schema\\\/logo\\\/image\\\/\",\"url\":\"https:\\\/\\\/postesmarcosytapasdecolombia.com\\\/wp-content\\\/uploads\\\/2022\\\/07\\\/cropped-logo-a-color-png-01.png\",\"contentUrl\":\"https:\\\/\\\/postesmarcosytapasdecolombia.com\\\/wp-content\\\/uploads\\\/2022\\\/07\\\/cropped-logo-a-color-png-01.png\",\"width\":7836,\"height\":2140,\"caption\":\"Postes Marcos y Tapas de Colombia\"},\"image\":{\"@id\":\"https:\\\/\\\/postesmarcosytapasdecolombia.com\\\/#\\\/schema\\\/logo\\\/image\\\/\"},\"sameAs\":[\"https:\\\/\\\/www.facebook.com\\\/profile.php?id=100083066385825\",\"https:\\\/\\\/instagram.com\\\/postes_marcos_tapas_colombia?igshid=YmMyMTA2M2Y=\",\"https:\\\/\\\/www.linkedin.com\\\/in\\\/postes-marcos-y-tapas-de-colombia-s-a-s-4a6081242\"]}]}<\/script>\n<!-- \/ Yoast SEO plugin. -->","yoast_head_json":{"title":"Postes Solares | postesmarcosytapasdecolombia","description":"Postes Marcos y Tapas de Colombia, cuenta con diferentes dise\u00f1os de postes solares tipo alumbrado publico con el prop\u00f3sito de poder atender toda clase de proyectos de iluminaci\u00f3n industrial.","robots":{"index":"index","follow":"follow","max-snippet":"max-snippet:-1","max-image-preview":"max-image-preview:large","max-video-preview":"max-video-preview:-1"},"canonical":"https:\/\/postesmarcosytapasdecolombia.com\/index.php\/postes-solares-2\/","og_locale":"es_ES","og_type":"article","og_title":"Postes Solares | postesmarcosytapasdecolombia","og_description":"Postes Marcos y Tapas de Colombia, cuenta con diferentes dise\u00f1os de postes solares tipo alumbrado publico con el prop\u00f3sito de poder atender toda clase de proyectos de iluminaci\u00f3n industrial.","og_url":"https:\/\/postesmarcosytapasdecolombia.com\/index.php\/postes-solares-2\/","og_site_name":"postesmarcosytapasdecolombia","article_publisher":"https:\/\/www.facebook.com\/profile.php?id=100083066385825","article_modified_time":"2022-10-05T20:15:36+00:00","og_image":[{"url":"https:\/\/postesmarcosytapasdecolombia.com\/wp-content\/uploads\/2022\/08\/PMTC-postes-solares-2.jpg","type":"","width":"","height":""}],"twitter_card":"summary_large_image","twitter_misc":{"Tiempo de lectura":"2 minutos"},"schema":{"@context":"https:\/\/schema.org","@graph":[{"@type":"WebPage","@id":"https:\/\/postesmarcosytapasdecolombia.com\/index.php\/postes-solares-2\/","url":"https:\/\/postesmarcosytapasdecolombia.com\/index.php\/postes-solares-2\/","name":"Postes Solares | postesmarcosytapasdecolombia","isPartOf":{"@id":"https:\/\/postesmarcosytapasdecolombia.com\/#website"},"primaryImageOfPage":{"@id":"https:\/\/postesmarcosytapasdecolombia.com\/index.php\/postes-solares-2\/#primaryimage"},"image":{"@id":"https:\/\/postesmarcosytapasdecolombia.com\/index.php\/postes-solares-2\/#primaryimage"},"thumbnailUrl":"https:\/\/postesmarcosytapasdecolombia.com\/wp-content\/uploads\/2022\/08\/PMTC-postes-solares-2.jpg","datePublished":"2022-07-24T02:43:11+00:00","dateModified":"2022-10-05T20:15:36+00:00","description":"Postes Marcos y Tapas de Colombia, cuenta con diferentes dise\u00f1os de postes solares tipo alumbrado publico con el prop\u00f3sito de poder atender toda clase de proyectos de iluminaci\u00f3n industrial.","breadcrumb":{"@id":"https:\/\/postesmarcosytapasdecolombia.com\/index.php\/postes-solares-2\/#breadcrumb"},"inLanguage":"es","potentialAction":[{"@type":"ReadAction","target":["https:\/\/postesmarcosytapasdecolombia.com\/index.php\/postes-solares-2\/"]}]},{"@type":"ImageObject","inLanguage":"es","@id":"https:\/\/postesmarcosytapasdecolombia.com\/index.php\/postes-solares-2\/#primaryimage","url":"https:\/\/postesmarcosytapasdecolombia.com\/wp-content\/uploads\/2022\/08\/PMTC-postes-solares-2.jpg","contentUrl":"https:\/\/postesmarcosytapasdecolombia.com\/wp-content\/uploads\/2022\/08\/PMTC-postes-solares-2.jpg","width":1280,"height":720,"caption":"PMTC postes solares 2"},{"@type":"BreadcrumbList","@id":"https:\/\/postesmarcosytapasdecolombia.com\/index.php\/postes-solares-2\/#breadcrumb","itemListElement":[{"@type":"ListItem","position":1,"name":"Portada","item":"https:\/\/postesmarcosytapasdecolombia.com\/"},{"@type":"ListItem","position":2,"name":"Postes Solares"}]},{"@type":"WebSite","@id":"https:\/\/postesmarcosytapasdecolombia.com\/#website","url":"https:\/\/postesmarcosytapasdecolombia.com\/","name":"postesmarcosytapasdecolombia","description":"Los mejores postes marcos y tapas de Colombia","publisher":{"@id":"https:\/\/postesmarcosytapasdecolombia.com\/#organization"},"potentialAction":[{"@type":"SearchAction","target":{"@type":"EntryPoint","urlTemplate":"https:\/\/postesmarcosytapasdecolombia.com\/?s={search_term_string}"},"query-input":{"@type":"PropertyValueSpecification","valueRequired":true,"valueName":"search_term_string"}}],"inLanguage":"es"},{"@type":"Organization","@id":"https:\/\/postesmarcosytapasdecolombia.com\/#organization","name":"Postes Marcos y Tapas de Colombia","url":"https:\/\/postesmarcosytapasdecolombia.com\/","logo":{"@type":"ImageObject","inLanguage":"es","@id":"https:\/\/postesmarcosytapasdecolombia.com\/#\/schema\/logo\/image\/","url":"https:\/\/postesmarcosytapasdecolombia.com\/wp-content\/uploads\/2022\/07\/cropped-logo-a-color-png-01.png","contentUrl":"https:\/\/postesmarcosytapasdecolombia.com\/wp-content\/uploads\/2022\/07\/cropped-logo-a-color-png-01.png","width":7836,"height":2140,"caption":"Postes Marcos y Tapas de Colombia"},"image":{"@id":"https:\/\/postesmarcosytapasdecolombia.com\/#\/schema\/logo\/image\/"},"sameAs":["https:\/\/www.facebook.com\/profile.php?id=100083066385825","https:\/\/instagram.com\/postes_marcos_tapas_colombia?igshid=YmMyMTA2M2Y=","https:\/\/www.linkedin.com\/in\/postes-marcos-y-tapas-de-colombia-s-a-s-4a6081242"]}]}},"_links":{"self":[{"href":"https:\/\/postesmarcosytapasdecolombia.com\/index.php\/wp-json\/wp\/v2\/pages\/941","targetHints":{"allow":["GET"]}}],"collection":[{"href":"https:\/\/postesmarcosytapasdecolombia.com\/index.php\/wp-json\/wp\/v2\/pages"}],"about":[{"href":"https:\/\/postesmarcosytapasdecolombia.com\/index.php\/wp-json\/wp\/v2\/types\/page"}],"author":[{"embeddable":true,"href":"https:\/\/postesmarcosytapasdecolombia.com\/index.php\/wp-json\/wp\/v2\/users\/1"}],"replies":[{"embeddable":true,"href":"https:\/\/postesmarcosytapasdecolombia.com\/index.php\/wp-json\/wp\/v2\/comments?post=941"}],"version-history":[{"count":31,"href":"https:\/\/postesmarcosytapasdecolombia.com\/index.php\/wp-json\/wp\/v2\/pages\/941\/revisions"}],"predecessor-version":[{"id":2647,"href":"https:\/\/postesmarcosytapasdecolombia.com\/index.php\/wp-json\/wp\/v2\/pages\/941\/revisions\/2647"}],"wp:attachment":[{"href":"https:\/\/postesmarcosytapasdecolombia.com\/index.php\/wp-json\/wp\/v2\/media?parent=941"}],"curies":[{"name":"wp","href":"https:\/\/api.w.org\/{rel}","templated":true}]}}